{"id":4287,"date":"2021-05-03T09:42:13","date_gmt":"2021-05-03T09:42:13","guid":{"rendered":"https:\/\/boanovahostel.com\/?page_id=4287"},"modified":"2021-05-17T10:56:44","modified_gmt":"2021-05-17T10:56:44","slug":"rent-a-car","status":"publish","type":"page","link":"https:\/\/boanovahostel.com\/en\/rent-a-car\/","title":{"rendered":"Rent a car"},"content":{"rendered":"<div data-elementor-type=\"wp-post\" data-elementor-id=\"4287\" class=\"elementor elementor-4287\">\n\t\t\t\t\t\t<section class=\"elementor-section elementor-top-section elementor-element elementor-element-143f26c elementor-section-full_width elementor-section-height-min-height elementor-section-stretched elementor-section-height-default elementor-section-items-middle\" data-id=\"143f26c\" data-element_type=\"section\" data-e-type=\"section\" data-settings=\"{&quot;stretch_section&quot;:&quot;section-stretched&quot;,&quot;background_background&quot;:&quot;classic&quot;,&quot;hoteller_ext_is_background_parallax&quot;:&quot;false&quot;,&quot;hoteller_ext_is_background_on_scroll&quot;:&quot;false&quot;}\">\n\t\t\t\t\t\t\t<div class=\"elementor-background-overlay\"><\/div>\n\t\t\t\t\t\t\t<div class=\"elementor-container elementor-column-gap-default\">\n\t\t\t\t\t<div class=\"elementor-column elementor-col-100 elementor-top-column elementor-element elementor-element-3628a01\" data-id=\"3628a01\" data-element_type=\"column\" data-e-type=\"column\" data-settings=\"{&quot;hoteller_ext_link_sidemenu&quot;:&quot;false&quot;,&quot;hoteller_ext_link_fullmenu&quot;:&quot;false&quot;,&quot;hoteller_ext_link_closed_fullmenu&quot;:&quot;false&quot;,&quot;hoteller_ext_is_scrollme&quot;:&quot;false&quot;,&quot;hoteller_ext_is_smoove&quot;:&quot;false&quot;,&quot;hoteller_ext_is_parallax_mouse&quot;:&quot;false&quot;,&quot;hoteller_ext_is_infinite&quot;:&quot;false&quot;,&quot;hoteller_ext_is_fadeout_animation&quot;:&quot;false&quot;,&quot;hoteller_ext_mobile_static&quot;:&quot;false&quot;}\">\n\t\t\t<div class=\"elementor-widget-wrap elementor-element-populated\">\n\t\t\t\t\t\t<div class=\"elementor-element elementor-element-0c94205 elementor-widget elementor-widget-heading\" data-id=\"0c94205\" data-element_type=\"widget\" data-e-type=\"widget\" data-settings=\"{&quot;hoteller_ext_link_sidemenu&quot;:&quot;false&quot;,&quot;hoteller_ext_link_fullmenu&quot;:&quot;false&quot;,&quot;hoteller_ext_link_closed_fullmenu&quot;:&quot;false&quot;,&quot;hoteller_ext_is_scrollme&quot;:&quot;false&quot;,&quot;hoteller_ext_is_smoove&quot;:&quot;false&quot;,&quot;hoteller_ext_is_parallax_mouse&quot;:&quot;false&quot;,&quot;hoteller_ext_is_infinite&quot;:&quot;false&quot;,&quot;hoteller_ext_is_fadeout_animation&quot;:&quot;false&quot;,&quot;hoteller_ext_mobile_static&quot;:&quot;false&quot;}\" data-widget_type=\"heading.default\">\n\t\t\t\t<div class=\"elementor-widget-container\">\n\t\t\t\t\t<h2 class=\"elementor-heading-title elementor-size-default\">Rent-a-car<\/h2>\t\t\t\t<\/div>\n\t\t\t\t<\/div>\n\t\t\t\t\t<\/div>\n\t\t<\/div>\n\t\t\t\t\t<\/div>\n\t\t<\/section>\n\t\t\t\t<section class=\"elementor-section elementor-top-section elementor-element elementor-element-acff350 elementor-section-stretched elementor-section-full_width elementor-section-height-default elementor-section-height-default\" data-id=\"acff350\" data-element_type=\"section\" data-e-type=\"section\" data-settings=\"{&quot;stretch_section&quot;:&quot;section-stretched&quot;,&quot;background_background&quot;:&quot;classic&quot;,&quot;hoteller_ext_is_background_parallax&quot;:&quot;false&quot;,&quot;hoteller_ext_is_background_on_scroll&quot;:&quot;false&quot;}\">\n\t\t\t\t\t\t<div class=\"elementor-container elementor-column-gap-default\">\n\t\t\t\t\t<div class=\"elementor-column elementor-col-100 elementor-top-column elementor-element elementor-element-f1dc14e\" data-id=\"f1dc14e\" data-element_type=\"column\" data-e-type=\"column\" data-settings=\"{&quot;hoteller_ext_link_sidemenu&quot;:&quot;false&quot;,&quot;hoteller_ext_link_fullmenu&quot;:&quot;false&quot;,&quot;hoteller_ext_link_closed_fullmenu&quot;:&quot;false&quot;,&quot;hoteller_ext_is_scrollme&quot;:&quot;false&quot;,&quot;hoteller_ext_is_smoove&quot;:&quot;false&quot;,&quot;hoteller_ext_is_parallax_mouse&quot;:&quot;false&quot;,&quot;hoteller_ext_is_infinite&quot;:&quot;false&quot;,&quot;hoteller_ext_is_fadeout_animation&quot;:&quot;false&quot;,&quot;hoteller_ext_mobile_static&quot;:&quot;false&quot;}\">\n\t\t\t<div class=\"elementor-widget-wrap elementor-element-populated\">\n\t\t\t\t\t\t<section class=\"elementor-section elementor-inner-section elementor-element elementor-element-62dc2a7 elementor-section-boxed elementor-section-height-default elementor-section-height-default\" data-id=\"62dc2a7\" data-element_type=\"section\" data-e-type=\"section\" data-settings=\"{&quot;background_background&quot;:&quot;classic&quot;,&quot;hoteller_ext_is_background_parallax&quot;:&quot;false&quot;,&quot;hoteller_ext_is_background_on_scroll&quot;:&quot;false&quot;}\">\n\t\t\t\t\t\t<div class=\"elementor-container elementor-column-gap-wider\">\n\t\t\t\t\t<div class=\"elementor-column elementor-col-100 elementor-inner-column elementor-element elementor-element-db10de9\" data-id=\"db10de9\" data-element_type=\"column\" data-e-type=\"column\" data-settings=\"{&quot;hoteller_ext_link_sidemenu&quot;:&quot;false&quot;,&quot;hoteller_ext_link_fullmenu&quot;:&quot;false&quot;,&quot;hoteller_ext_link_closed_fullmenu&quot;:&quot;false&quot;,&quot;hoteller_ext_is_scrollme&quot;:&quot;false&quot;,&quot;hoteller_ext_is_smoove&quot;:&quot;false&quot;,&quot;hoteller_ext_is_parallax_mouse&quot;:&quot;false&quot;,&quot;hoteller_ext_is_infinite&quot;:&quot;false&quot;,&quot;hoteller_ext_is_fadeout_animation&quot;:&quot;false&quot;,&quot;hoteller_ext_mobile_static&quot;:&quot;false&quot;}\">\n\t\t\t<div class=\"elementor-widget-wrap elementor-element-populated\">\n\t\t\t\t\t\t<div class=\"elementor-element elementor-element-f2deb09 elementor-widget elementor-widget-heading\" data-id=\"f2deb09\" data-element_type=\"widget\" data-e-type=\"widget\" data-settings=\"{&quot;hoteller_ext_link_sidemenu&quot;:&quot;false&quot;,&quot;hoteller_ext_link_fullmenu&quot;:&quot;false&quot;,&quot;hoteller_ext_link_closed_fullmenu&quot;:&quot;false&quot;,&quot;hoteller_ext_is_scrollme&quot;:&quot;false&quot;,&quot;hoteller_ext_is_smoove&quot;:&quot;false&quot;,&quot;hoteller_ext_is_parallax_mouse&quot;:&quot;false&quot;,&quot;hoteller_ext_is_infinite&quot;:&quot;false&quot;,&quot;hoteller_ext_is_fadeout_animation&quot;:&quot;false&quot;,&quot;hoteller_ext_mobile_static&quot;:&quot;false&quot;}\" data-widget_type=\"heading.default\">\n\t\t\t\t<div class=\"elementor-widget-container\">\n\t\t\t\t\t<h4 class=\"elementor-heading-title elementor-size-default\">Rent-a-car<\/h4>\t\t\t\t<\/div>\n\t\t\t\t<\/div>\n\t\t\t\t<div class=\"elementor-element elementor-element-63bdaa9 elementor-invisible elementor-widget elementor-widget-text-editor\" data-id=\"63bdaa9\" data-element_type=\"widget\" data-e-type=\"widget\" data-settings=\"{&quot;_animation&quot;:&quot;fadeInRight&quot;,&quot;_animation_delay&quot;:400,&quot;hoteller_ext_link_sidemenu&quot;:&quot;false&quot;,&quot;hoteller_ext_link_fullmenu&quot;:&quot;false&quot;,&quot;hoteller_ext_link_closed_fullmenu&quot;:&quot;false&quot;,&quot;hoteller_ext_is_scrollme&quot;:&quot;false&quot;,&quot;hoteller_ext_is_smoove&quot;:&quot;false&quot;,&quot;hoteller_ext_is_parallax_mouse&quot;:&quot;false&quot;,&quot;hoteller_ext_is_infinite&quot;:&quot;false&quot;,&quot;hoteller_ext_is_fadeout_animation&quot;:&quot;false&quot;,&quot;hoteller_ext_mobile_static&quot;:&quot;false&quot;}\" data-widget_type=\"text-editor.default\">\n\t\t\t\t<div class=\"elementor-widget-container\">\n\t\t\t\t\t\t\t\t\t<p>With the objective of providing you with a comfortable stay and as organized as possible, we have at your disposal, through a partnership with rent-a-car, a panoply of vehicles available for rental. We know that it is fundamental that you feel free to explore the corners of Graciosa Island so that you can make the most of your stay.<\/p><p>Depending on your purpose, there are several vehicles available, from city cars to 9-seater vans, everything can be adapted to your preferences. We have a range of services available, from GPS to baby seats, in order to provide you with a pleasant and worry free journey.\u00a0<\/p><p>When you rent a car, it can be delivered anywhere in Graciosa Island, taking into account the place of arrival and the place of departure, or wherever is more convenient for you.<\/p><p>If you are interested in renting a car, please fill in the following form:<\/p>\t\t\t\t\t\t\t\t<\/div>\n\t\t\t\t<\/div>\n\t\t\t\t<div class=\"elementor-element elementor-element-6d5b85f elementor-align-center elementor-widget elementor-widget-button\" data-id=\"6d5b85f\" data-element_type=\"widget\" data-e-type=\"widget\" data-settings=\"{&quot;hoteller_ext_link_sidemenu&quot;:&quot;false&quot;,&quot;hoteller_ext_link_fullmenu&quot;:&quot;false&quot;,&quot;hoteller_ext_link_closed_fullmenu&quot;:&quot;false&quot;,&quot;hoteller_ext_is_scrollme&quot;:&quot;false&quot;,&quot;hoteller_ext_is_smoove&quot;:&quot;false&quot;,&quot;hoteller_ext_is_parallax_mouse&quot;:&quot;false&quot;,&quot;hoteller_ext_is_infinite&quot;:&quot;false&quot;,&quot;hoteller_ext_is_fadeout_animation&quot;:&quot;false&quot;,&quot;hoteller_ext_mobile_static&quot;:&quot;false&quot;}\" data-widget_type=\"button.default\">\n\t\t\t\t<div class=\"elementor-widget-container\">\n\t\t\t\t\t\t\t\t\t<div class=\"elementor-button-wrapper\">\n\t\t\t\t\t<a class=\"elementor-button elementor-button-link elementor-size-sm\" href=\"https:\/\/boanovahostel.com\/wp-content\/uploads\/2021\/05\/Tarifas-Rent-a-Car_para-colocar-para-descarregar-no-site.pdf\" target=\"_blank\">\n\t\t\t\t\t\t<span class=\"elementor-button-content-wrapper\">\n\t\t\t\t\t\t\t\t\t<span class=\"elementor-button-text\">Price Table<\/span>\n\t\t\t\t\t<\/span>\n\t\t\t\t\t<\/a>\n\t\t\t\t<\/div>\n\t\t\t\t\t\t\t\t<\/div>\n\t\t\t\t<\/div>\n\t\t\t\t\t<\/div>\n\t\t<\/div>\n\t\t\t\t\t<\/div>\n\t\t<\/section>\n\t\t\t\t<section class=\"elementor-section elementor-inner-section elementor-element elementor-element-44d8de9 elementor-section-boxed elementor-section-height-default elementor-section-height-default\" data-id=\"44d8de9\" data-element_type=\"section\" data-e-type=\"section\" data-settings=\"{&quot;background_background&quot;:&quot;classic&quot;,&quot;hoteller_ext_is_background_parallax&quot;:&quot;false&quot;,&quot;hoteller_ext_is_background_on_scroll&quot;:&quot;false&quot;}\">\n\t\t\t\t\t\t<div class=\"elementor-container elementor-column-gap-wider\">\n\t\t\t\t\t<div class=\"elementor-column elementor-col-100 elementor-inner-column elementor-element elementor-element-6c919a8\" data-id=\"6c919a8\" data-element_type=\"column\" data-e-type=\"column\" data-settings=\"{&quot;hoteller_ext_link_sidemenu&quot;:&quot;false&quot;,&quot;hoteller_ext_link_fullmenu&quot;:&quot;false&quot;,&quot;hoteller_ext_link_closed_fullmenu&quot;:&quot;false&quot;,&quot;hoteller_ext_is_scrollme&quot;:&quot;false&quot;,&quot;hoteller_ext_is_smoove&quot;:&quot;false&quot;,&quot;hoteller_ext_is_parallax_mouse&quot;:&quot;false&quot;,&quot;hoteller_ext_is_infinite&quot;:&quot;false&quot;,&quot;hoteller_ext_is_fadeout_animation&quot;:&quot;false&quot;,&quot;hoteller_ext_mobile_static&quot;:&quot;false&quot;}\">\n\t\t\t<div class=\"elementor-widget-wrap elementor-element-populated\">\n\t\t\t\t\t\t<div class=\"elementor-element elementor-element-798f88a elementor-widget elementor-widget-heading\" data-id=\"798f88a\" data-element_type=\"widget\" data-e-type=\"widget\" data-settings=\"{&quot;hoteller_ext_link_sidemenu&quot;:&quot;false&quot;,&quot;hoteller_ext_link_fullmenu&quot;:&quot;false&quot;,&quot;hoteller_ext_link_closed_fullmenu&quot;:&quot;false&quot;,&quot;hoteller_ext_is_scrollme&quot;:&quot;false&quot;,&quot;hoteller_ext_is_smoove&quot;:&quot;false&quot;,&quot;hoteller_ext_is_parallax_mouse&quot;:&quot;false&quot;,&quot;hoteller_ext_is_infinite&quot;:&quot;false&quot;,&quot;hoteller_ext_is_fadeout_animation&quot;:&quot;false&quot;,&quot;hoteller_ext_mobile_static&quot;:&quot;false&quot;}\" data-widget_type=\"heading.default\">\n\t\t\t\t<div class=\"elementor-widget-container\">\n\t\t\t\t\t<h2 class=\"elementor-heading-title elementor-size-default\">Booking form<\/h2>\t\t\t\t<\/div>\n\t\t\t\t<\/div>\n\t\t\t\t<div class=\"elementor-element elementor-element-01c14a2 elementor-widget elementor-widget-shortcode\" data-id=\"01c14a2\" data-element_type=\"widget\" data-e-type=\"widget\" data-settings=\"{&quot;hoteller_ext_link_sidemenu&quot;:&quot;false&quot;,&quot;hoteller_ext_link_fullmenu&quot;:&quot;false&quot;,&quot;hoteller_ext_link_closed_fullmenu&quot;:&quot;false&quot;,&quot;hoteller_ext_is_scrollme&quot;:&quot;false&quot;,&quot;hoteller_ext_is_smoove&quot;:&quot;false&quot;,&quot;hoteller_ext_is_parallax_mouse&quot;:&quot;false&quot;,&quot;hoteller_ext_is_infinite&quot;:&quot;false&quot;,&quot;hoteller_ext_is_fadeout_animation&quot;:&quot;false&quot;,&quot;hoteller_ext_mobile_static&quot;:&quot;false&quot;}\" data-widget_type=\"shortcode.default\">\n\t\t\t\t<div class=\"elementor-widget-container\">\n\t\t\t\t\t\t\t<div class=\"elementor-shortcode\">\n<div class=\"wpcf7 no-js\" id=\"wpcf7-f4267-o1\" lang=\"pt-PT\" dir=\"ltr\" data-wpcf7-id=\"4267\">\n<div class=\"screen-reader-response\"><p role=\"status\" aria-live=\"polite\" aria-atomic=\"true\"><\/p> <ul><\/ul><\/div>\n<form action=\"\/en\/wp-json\/wp\/v2\/pages\/4287#wpcf7-f4267-o1\" method=\"post\" class=\"wpcf7-form init\" aria-label=\"Formul\u00e1rio de contacto\" novalidate=\"novalidate\" data-status=\"init\" data-trp-original-action=\"\/en\/wp-json\/wp\/v2\/pages\/4287#wpcf7-f4267-o1\">\n<fieldset class=\"hidden-fields-container\"><input type=\"hidden\" name=\"_wpcf7\" value=\"4267\" \/><input type=\"hidden\" name=\"_wpcf7_version\" value=\"6.1.5\" \/><input type=\"hidden\" name=\"_wpcf7_locale\" value=\"pt_PT\" \/><input type=\"hidden\" name=\"_wpcf7_unit_tag\" value=\"wpcf7-f4267-o1\" \/><input type=\"hidden\" name=\"_wpcf7_container_post\" value=\"0\" \/><input type=\"hidden\" name=\"_wpcf7_posted_data_hash\" value=\"\" \/>\n<\/fieldset>\n<p><label> Name*<br \/>\n<span class=\"wpcf7-form-control-wrap\" data-name=\"your-name\"><input size=\"40\" maxlength=\"400\" class=\"wpcf7-form-control wpcf7-text wpcf7-validates-as-required\" aria-required=\"true\" aria-invalid=\"false\" value=\"\" type=\"text\" name=\"your-name\" \/><\/span> <\/label>\n<\/p>\n<p><label> Phone* <span class=\"wpcf7-form-control-wrap\" data-name=\"phone\"><input size=\"40\" maxlength=\"400\" class=\"wpcf7-form-control wpcf7-tel wpcf7-validates-as-required wpcf7-text wpcf7-validates-as-tel\" aria-required=\"true\" aria-invalid=\"false\" value=\"\" type=\"tel\" name=\"phone\" \/><\/span> <\/label>\n<\/p>\n<p><label> Email*<br \/>\n<span class=\"wpcf7-form-control-wrap\" data-name=\"email\"><input size=\"40\" maxlength=\"400\" class=\"wpcf7-form-control wpcf7-email wpcf7-validates-as-required wpcf7-text wpcf7-validates-as-email\" aria-required=\"true\" aria-invalid=\"false\" value=\"\" type=\"email\" name=\"email\" \/><\/span> <\/label>\n<\/p>\n<p><label> Group<br \/>\n<span class=\"wpcf7-form-control-wrap\" data-name=\"group\"><select class=\"wpcf7-form-control wpcf7-select\" aria-invalid=\"false\" name=\"group\"><option value=\"Grupo A\">Group A<\/option><option value=\"Grupo A+\">Group A+<\/option><option value=\"Grupo B\">Group B<\/option><option value=\"Grupo C\">Group C<\/option><option value=\"Grupo D\">Group D<\/option><option value=\"Grupo E\">Group E<\/option><option value=\"Grupo F\">Group F<\/option><option value=\"Grupo G\">Group G<\/option><option value=\"Grupo H\">Group H<\/option><option value=\"Grupo I\">Group I<\/option><option value=\"Grupo SC\">Group SC<\/option><\/select><\/span> <\/label>\n<\/p>\n<p><label> Tariff<br \/>\n<span class=\"wpcf7-form-control-wrap\" data-name=\"tariff\"><select class=\"wpcf7-form-control wpcf7-select\" aria-invalid=\"false\" name=\"tariff\"><option value=\"Quilometragem ilimitada\">Unlimited Mileage<\/option><\/select><\/span> <\/label>\n<\/p>\n<p><strong>DELIVERY DATA<\/strong>\n<\/p>\n<p><label> Delivery date <span class=\"wpcf7-form-control-wrap\" data-name=\"dataEntrega\"><input class=\"wpcf7-form-control wpcf7-date wpcf7-validates-as-date\" aria-invalid=\"false\" value=\"\" type=\"date\" name=\"dataEntrega\" \/><\/span> <\/label>\n<\/p>\n<p><label> Time<br \/>\n<span class=\"wpcf7-form-control-wrap\" data-name=\"horaEntrega\"><select class=\"wpcf7-form-control wpcf7-select\" aria-invalid=\"false\" name=\"horaEntrega\"><option value=\"0:30 AM\">0:30 AM<\/option><option value=\"1:00 AM\">1:00 AM<\/option><option value=\"1:30 AM\">1:30 AM<\/option><option value=\"2:00 AM\">2:00 AM<\/option><option value=\"2:30 AM\">2:30 AM<\/option><option value=\"3:00 AM\">3:00 AM<\/option><option value=\"3:30 AM\">3:30 AM<\/option><option value=\"4:00 AM\">4:00 AM<\/option><option value=\"4:30 AM\">4:30 AM<\/option><option value=\"5:00 AM\">5:00 AM<\/option><option value=\"5:30 AM\">5:30 AM<\/option><option value=\"6:00 AM\">6:00 AM<\/option><option value=\"6:30 AM\">6:30 AM<\/option><option value=\"7:00 AM\">7:00 AM<\/option><option value=\"7:30 AM\">7:30 AM<\/option><option value=\"8:00 AM\">8:00 AM<\/option><option value=\"8:30 AM\">8:30 AM<\/option><option value=\"9:00 AM\">9:00 AM<\/option><option value=\"9:30 AM\">9:30 AM<\/option><option value=\"10:00 AM\">10:00 AM<\/option><option value=\"10:30 AM\">10:30 AM<\/option><option value=\"11:00 AM\">11:00 AM<\/option><option value=\"11:30 AM\">11:30 AM<\/option><option value=\"12:00 AM\">12:00 AM<\/option><option value=\"12:30 AM\">12:30 AM<\/option><option value=\"1:00 PM\">1:00 PM<\/option><option value=\"1:30 PM\">1:30 PM<\/option><option value=\"2:00 PM\">2:00 PM<\/option><option value=\"2:30 PM\">2:30 PM<\/option><option value=\"3:00 PM\">3:00 PM<\/option><option value=\"3:30 PM\">3:30 PM<\/option><option value=\"4:00 PM\">4:00 PM<\/option><option value=\"4:30 PM\">4:30 PM<\/option><option value=\"5:00 PM\">5:00 PM<\/option><option value=\"5:30 PM\">5:30 PM<\/option><option value=\"6:00 PM\">6:00 PM<\/option><option value=\"6:30 PM\">6:30 PM<\/option><option value=\"7:00 PM\">7:00 PM<\/option><option value=\"7:30 PM\">7:30 PM<\/option><option value=\"8:00 PM\">8:00 PM<\/option><option value=\"8:30 PM\">8:30 PM<\/option><option value=\"9:00 PM\">9:00 PM<\/option><option value=\"9:30 PM\">9:30 PM<\/option><option value=\"10:00 PM\">10:00 PM<\/option><option value=\"10:30 PM\">10:30 PM<\/option><option value=\"11:00 PM\">11:00 PM<\/option><option value=\"11:30 PM\">11:30 PM<\/option><option value=\"00:00 PM\">00:00 PM<\/option><\/select><\/span> <\/label>\n<\/p>\n<p><label> Location<br \/>\n<span class=\"wpcf7-form-control-wrap\" data-name=\"localEntrega\"><select class=\"wpcf7-form-control wpcf7-select\" aria-invalid=\"false\" name=\"localEntrega\"><option value=\"Boa Nova Hostel\">Boa Nova Hostel<\/option><option value=\"Aeroporto\">Airport<\/option><option value=\"Marina da Praia\">Beach Marina<\/option><\/select><\/span> <\/label>\n<\/p>\n<p><strong>RETURN DATA<\/strong>\n<\/p>\n<p><label> Date of return <span class=\"wpcf7-form-control-wrap\" data-name=\"dataDevolucao\"><input class=\"wpcf7-form-control wpcf7-date wpcf7-validates-as-date\" aria-invalid=\"false\" value=\"\" type=\"date\" name=\"dataDevolucao\" \/><\/span> <\/label>\n<\/p>\n<p><label> Time<br \/>\n<span class=\"wpcf7-form-control-wrap\" data-name=\"horaDevolucao\"><select class=\"wpcf7-form-control wpcf7-select\" aria-invalid=\"false\" name=\"horaDevolucao\"><option value=\"0:30 AM\">0:30 AM<\/option><option value=\"1:00 AM\">1:00 AM<\/option><option value=\"1:30 AM\">1:30 AM<\/option><option value=\"2:00 AM\">2:00 AM<\/option><option value=\"2:30 AM\">2:30 AM<\/option><option value=\"3:00 AM\">3:00 AM<\/option><option value=\"3:30 AM\">3:30 AM<\/option><option value=\"4:00 AM\">4:00 AM<\/option><option value=\"4:30 AM\">4:30 AM<\/option><option value=\"5:00 AM\">5:00 AM<\/option><option value=\"5:30 AM\">5:30 AM<\/option><option value=\"6:00 AM\">6:00 AM<\/option><option value=\"6:30 AM\">6:30 AM<\/option><option value=\"7:00 AM\">7:00 AM<\/option><option value=\"7:30 AM\">7:30 AM<\/option><option value=\"8:00 AM\">8:00 AM<\/option><option value=\"8:30 AM\">8:30 AM<\/option><option value=\"9:00 AM\">9:00 AM<\/option><option value=\"9:30 AM\">9:30 AM<\/option><option value=\"10:00 AM\">10:00 AM<\/option><option value=\"10:30 AM\">10:30 AM<\/option><option value=\"11:00 AM\">11:00 AM<\/option><option value=\"11:30 AM\">11:30 AM<\/option><option value=\"12:00 AM\">12:00 AM<\/option><option value=\"12:30 AM\">12:30 AM<\/option><option value=\"1:00 PM\">1:00 PM<\/option><option value=\"1:30 PM\">1:30 PM<\/option><option value=\"2:00 PM\">2:00 PM<\/option><option value=\"2:30 PM\">2:30 PM<\/option><option value=\"3:00 PM\">3:00 PM<\/option><option value=\"3:30 PM\">3:30 PM<\/option><option value=\"4:00 PM\">4:00 PM<\/option><option value=\"4:30 PM\">4:30 PM<\/option><option value=\"5:00 PM\">5:00 PM<\/option><option value=\"5:30 PM\">5:30 PM<\/option><option value=\"6:00 PM\">6:00 PM<\/option><option value=\"6:30 PM\">6:30 PM<\/option><option value=\"7:00 PM\">7:00 PM<\/option><option value=\"7:30 PM\">7:30 PM<\/option><option value=\"8:00 PM\">8:00 PM<\/option><option value=\"8:30 PM\">8:30 PM<\/option><option value=\"9:00 PM\">9:00 PM<\/option><option value=\"9:30 PM\">9:30 PM<\/option><option value=\"10:00 PM\">10:00 PM<\/option><option value=\"10:30 PM\">10:30 PM<\/option><option value=\"11:00 PM\">11:00 PM<\/option><option value=\"11:30 PM\">11:30 PM<\/option><option value=\"00:00 PM\">00:00 PM<\/option><\/select><\/span> <\/label>\n<\/p>\n<p><label> Location<br \/>\n<span class=\"wpcf7-form-control-wrap\" data-name=\"localDevolucao\"><select class=\"wpcf7-form-control wpcf7-select\" aria-invalid=\"false\" name=\"localDevolucao\"><option value=\"Boa Nova Hostel\">Boa Nova Hostel<\/option><option value=\"Aeroporto\">Airport<\/option><option value=\"Marina da Praia\">Beach Marina<\/option><\/select><\/span> <\/label>\n<\/p>\n<p><label> Comments<br \/>\n<span class=\"wpcf7-form-control-wrap\" data-name=\"observations\"><textarea cols=\"40\" rows=\"10\" maxlength=\"2000\" class=\"wpcf7-form-control wpcf7-textarea\" aria-invalid=\"false\" name=\"observations\"><\/textarea><\/span> <\/label>\n<\/p>\n<p><input class=\"wpcf7-form-control wpcf7-submit has-spinner\" type=\"submit\" value=\"Book now\" \/>\n<\/p><div class=\"wpcf7-response-output\" aria-hidden=\"true\"><\/div>\n<input type=\"hidden\" name=\"trp-form-language\" value=\"en\"\/><\/form>\n<\/div>\n<\/div>\n\t\t\t\t\t\t<\/div>\n\t\t\t\t<\/div>\n\t\t\t\t\t<\/div>\n\t\t<\/div>\n\t\t\t\t\t<\/div>\n\t\t<\/section>\n\t\t\t\t\t<\/div>\n\t\t<\/div>\n\t\t\t\t\t<\/div>\n\t\t<\/section>\n\t\t\t\t<section class=\"elementor-section elementor-top-section elementor-element elementor-element-61f41d1 elementor-section-stretched elementor-section-height-min-height elementor-section-boxed elementor-section-height-default elementor-section-items-middle\" data-id=\"61f41d1\" data-element_type=\"section\" data-e-type=\"section\" data-settings=\"{&quot;stretch_section&quot;:&quot;section-stretched&quot;,&quot;shape_divider_bottom&quot;:&quot;waves&quot;,&quot;hoteller_ext_is_background_parallax&quot;:&quot;false&quot;,&quot;hoteller_ext_is_background_on_scroll&quot;:&quot;false&quot;}\">\n\t\t\t\t\t<div class=\"elementor-shape elementor-shape-bottom\" aria-hidden=\"true\" data-negative=\"false\">\n\t\t\t<svg xmlns=\"http:\/\/www.w3.org\/2000\/svg\" viewbox=\"0 0 1000 100\" preserveaspectratio=\"none\">\n\t<path class=\"elementor-shape-fill\" d=\"M421.9,6.5c22.6-2.5,51.5,0.4,75.5,5.3c23.6,4.9,70.9,23.5,100.5,35.7c75.8,32.2,133.7,44.5,192.6,49.7\tc23.6,2.1,48.7,3.5,103.4-2.5c54.7-6,106.2-25.6,106.2-25.6V0H0v30.3c0,0,72,32.6,158.4,30.5c39.2-0.7,92.8-6.7,134-22.4\tc21.2-8.1,52.2-18.2,79.7-24.2C399.3,7.9,411.6,7.5,421.9,6.5z\"\/>\n<\/svg>\t\t<\/div>\n\t\t\t\t\t<div class=\"elementor-container elementor-column-gap-default\">\n\t\t\t\t\t<div class=\"elementor-column elementor-col-100 elementor-top-column elementor-element elementor-element-cece3a7\" data-id=\"cece3a7\" data-element_type=\"column\" data-e-type=\"column\" data-settings=\"{&quot;hoteller_ext_link_sidemenu&quot;:&quot;false&quot;,&quot;hoteller_ext_link_fullmenu&quot;:&quot;false&quot;,&quot;hoteller_ext_link_closed_fullmenu&quot;:&quot;false&quot;,&quot;hoteller_ext_is_scrollme&quot;:&quot;false&quot;,&quot;hoteller_ext_is_smoove&quot;:&quot;false&quot;,&quot;hoteller_ext_is_parallax_mouse&quot;:&quot;false&quot;,&quot;hoteller_ext_is_infinite&quot;:&quot;false&quot;,&quot;hoteller_ext_is_fadeout_animation&quot;:&quot;false&quot;,&quot;hoteller_ext_mobile_static&quot;:&quot;false&quot;}\">\n\t\t\t<div class=\"elementor-widget-wrap\">\n\t\t\t\t\t\t\t<\/div>\n\t\t<\/div>\n\t\t\t\t\t<\/div>\n\t\t<\/section>\n\t\t\t\t<\/div>","protected":false},"excerpt":{"rendered":"<p>Aluguer de carro Aluguer de carro Com o objetivo de lhe proporcionar uma estadia confort\u00e1vel e o mais organizada poss\u00edvel, temos ao seu dispor, atrav\u00e9s de uma parceria com a rent-a-car, uma pan\u00f3plia de ve\u00edculos dispon\u00edveis de aluguer. Sabemos que [&hellip;]<\/p>\n","protected":false},"author":2,"featured_media":0,"parent":0,"menu_order":0,"comment_status":"closed","ping_status":"closed","template":"","meta":{"footnotes":""},"class_list":["post-4287","page","type-page","status-publish","hentry"],"_links":{"self":[{"href":"https:\/\/boanovahostel.com\/en\/wp-json\/wp\/v2\/pages\/4287","targetHints":{"allow":["GET"]}}],"collection":[{"href":"https:\/\/boanovahostel.com\/en\/wp-json\/wp\/v2\/pages"}],"about":[{"href":"https:\/\/boanovahostel.com\/en\/wp-json\/wp\/v2\/types\/page"}],"author":[{"embeddable":true,"href":"https:\/\/boanovahostel.com\/en\/wp-json\/wp\/v2\/users\/2"}],"replies":[{"embeddable":true,"href":"https:\/\/boanovahostel.com\/en\/wp-json\/wp\/v2\/comments?post=4287"}],"version-history":[{"count":23,"href":"https:\/\/boanovahostel.com\/en\/wp-json\/wp\/v2\/pages\/4287\/revisions"}],"predecessor-version":[{"id":5166,"href":"https:\/\/boanovahostel.com\/en\/wp-json\/wp\/v2\/pages\/4287\/revisions\/5166"}],"wp:attachment":[{"href":"https:\/\/boanovahostel.com\/en\/wp-json\/wp\/v2\/media?parent=4287"}],"curies":[{"name":"wp","href":"https:\/\/api.w.org\/{rel}","templated":true}]}}